{"id":88858,"date":"2025-05-30T12:31:45","date_gmt":"2025-05-30T18:31:45","guid":{"rendered":"https:\/\/t4server.xyz\/test\/?post_type=product&#038;p=88858"},"modified":"2025-06-17T14:34:12","modified_gmt":"2025-06-17T20:34:12","slug":"direction","status":"publish","type":"product","link":"https:\/\/t4server.xyz\/test\/de\/Produkt\/direction\/","title":{"rendered":"Direction"},"content":{"rendered":"<p><strong>Preis: <\/strong>25.000\u202f$<br \/>\n<strong>Laufzeit: <\/strong>4 Jahre<br \/>\n<strong>Danach: <\/strong>300\u202f$\/Monat<br \/>\noder 3.000\u202f$\/Jahr<\/p>\n<p><strong>Beschreibung:<\/strong><br \/>\nDeine Bewegung bekommt Richtung.<br \/>\nVector ist nicht nur Vorw\u00e4rts \u2013 sondern bewusste Ausrichtung nach innen UND au\u00dfen.<br \/>\nDiese Mitgliedschaft steht f\u00fcr deinen Dienst an der Ordnung \u2013 getragen von innerer Klarheit und \u00e4u\u00dferer Pr\u00e4senz.<\/p>\n<p><strong>Vorteile:<\/strong><br \/>\n\u2705 15\u202fFIP<br \/>\n\u2705 60\u202fAP<br \/>\n\u2705 30\u202f%\u202f\/\u202f25\u202f%\u202f\/\u202f20\u202f%\u202f\/\u202f15\u202f% auf 4 Generationen<br \/>\n\u2705 +10\u202f% in unendlicher Tiefe<br \/>\n\u2705 Field Fusion\u202f2<\/p>\n<p><strong>Provisionswert: 8.000\u202f$<\/strong><\/p>\n","protected":false},"excerpt":{"rendered":"<p><strong>Vorteile:<\/strong><br \/>\n\u2705 15\u202fFIP<br \/>\n\u2705 60\u202fAP<br \/>\n\u2705 30\u202f%\u202f\/\u202f25\u202f%\u202f\/\u202f20\u202f%\u202f\/\u202f15\u202f% auf 4 Generationen<br \/>\n\u2705 +10\u202f% in unendlicher Tiefe<br \/>\n\u2705 Field Fusion\u202f2<\/p>\n","protected":false},"featured_media":90689,"comment_status":"open","ping_status":"closed","template":"","meta":{"order-bump-settings":[],"_wpfnl_thankyou_order_overview":"on","_wpfnl_thankyou_order_details":"on","_wpfnl_thankyou_billing_details":"on","_wpfnl_thankyou_shipping_details":"on"},"product_brand":[],"product_cat":[68],"product_tag":[],"class_list":{"0":"post-88858","1":"product","2":"type-product","3":"status-publish","4":"has-post-thumbnail","6":"product_cat-mitgliedschaften","8":"first","9":"instock","10":"virtual","11":"sold-individually","12":"purchasable","13":"product-type-subscription"},"lang":"de","translations":{"de":88858,"en":90679},"pll_sync_post":[],"_links":{"self":[{"href":"https:\/\/t4server.xyz\/test\/wp-json\/wp\/v2\/product\/88858","targetHints":{"allow":["GET"]}}],"collection":[{"href":"https:\/\/t4server.xyz\/test\/wp-json\/wp\/v2\/product"}],"about":[{"href":"https:\/\/t4server.xyz\/test\/wp-json\/wp\/v2\/types\/product"}],"replies":[{"embeddable":true,"href":"https:\/\/t4server.xyz\/test\/wp-json\/wp\/v2\/comments?post=88858"}],"wp:featuredmedia":[{"embeddable":true,"href":"https:\/\/t4server.xyz\/test\/wp-json\/wp\/v2\/media\/90689"}],"wp:attachment":[{"href":"https:\/\/t4server.xyz\/test\/wp-json\/wp\/v2\/media?parent=88858"}],"wp:term":[{"taxonomy":"product_brand","embeddable":true,"href":"https:\/\/t4server.xyz\/test\/wp-json\/wp\/v2\/product_brand?post=88858"},{"taxonomy":"product_cat","embeddable":true,"href":"https:\/\/t4server.xyz\/test\/wp-json\/wp\/v2\/product_cat?post=88858"},{"taxonomy":"product_tag","embeddable":true,"href":"https:\/\/t4server.xyz\/test\/wp-json\/wp\/v2\/product_tag?post=88858"}],"curies":[{"name":"wp","href":"https:\/\/api.w.org\/{rel}","templated":true}]}}