{"id":88854,"date":"2025-05-30T12:31:45","date_gmt":"2025-05-30T18:31:45","guid":{"rendered":"https:\/\/t4server.xyz\/test\/?post_type=product&#038;p=88854"},"modified":"2025-06-17T13:45:06","modified_gmt":"2025-06-17T19:45:06","slug":"flow","status":"publish","type":"product","link":"https:\/\/t4server.xyz\/test\/de\/Produkt\/flow\/","title":{"rendered":"Flow"},"content":{"rendered":"<p><strong>Preis:<\/strong> 3.300\u202f$<br \/>\n<strong>Laufzeit:<\/strong> 15 Monate<br \/>\n<strong>Danach:<\/strong> 175\u202f$\/Monat<br \/>\noder 1.750 $\/Jahr<\/p>\n<p><strong>Beschreibung:<\/strong><br \/>\nDer \u00dcbergang in eine neue Dynamik.<br \/>\nDu beginnst mitzuschwingen \u2013 nicht nur individuell, sondern im Einklang mit der Feldbewegung.<br \/>\nDu sp\u00fcrst, dass dein eigenes Wirken mit gr\u00f6\u00dferer Ordnung verbunden ist.<br \/>\nMit der Flow-Mitgliedschaft trittst du in den systemischen Raum ein \u2013 mit mehr Verantwortung, aber auch mehr R\u00fcckfluss.<br \/>\n\ud83d\udc49 Deine Resonanz beginnt Kreise zu ziehen.<br \/>\n\ud83d\udc49 Deine Pr\u00e4senz wirkt \u2013 auch ohne Erkl\u00e4rung.<br \/>\n\ud83d\udc49 Und dein Zugang zum Feld wird tragf\u00e4hig.<\/p>\n<p><strong>Vorteile:<\/strong><br \/>\n\u2714\ufe0f 2 FIP<br \/>\n\u2714\ufe0f 10 AP<br \/>\n\u2714\ufe0f 20\u202f% \/ 15\u202f% \/ 15\u202f% (1. bis 3. Generation)<\/p>\n<p><strong>Provisionswert: 1.000\u202f$<\/strong><\/p>\n","protected":false},"excerpt":{"rendered":"<p><strong>Vorteile:<\/strong><br \/>\n\u2714\ufe0f 2 FIP<br \/>\n\u2714\ufe0f 10 AP<br \/>\n\u2714\ufe0f 20\u202f% \/ 15\u202f% \/ 15\u202f% (1. bis 3. Generation)<\/p>\n","protected":false},"featured_media":91251,"comment_status":"open","ping_status":"closed","template":"","meta":{"order-bump-settings":[],"_wpfnl_thankyou_order_overview":"on","_wpfnl_thankyou_order_details":"on","_wpfnl_thankyou_billing_details":"on","_wpfnl_thankyou_shipping_details":"on"},"product_brand":[],"product_cat":[68],"product_tag":[],"class_list":{"0":"post-88854","1":"product","2":"type-product","3":"status-publish","4":"has-post-thumbnail","6":"product_cat-mitgliedschaften","8":"first","9":"instock","10":"virtual","11":"sold-individually","12":"purchasable","13":"product-type-subscription"},"lang":"de","translations":{"de":88854,"en":90674},"pll_sync_post":[],"_links":{"self":[{"href":"https:\/\/t4server.xyz\/test\/wp-json\/wp\/v2\/product\/88854","targetHints":{"allow":["GET"]}}],"collection":[{"href":"https:\/\/t4server.xyz\/test\/wp-json\/wp\/v2\/product"}],"about":[{"href":"https:\/\/t4server.xyz\/test\/wp-json\/wp\/v2\/types\/product"}],"replies":[{"embeddable":true,"href":"https:\/\/t4server.xyz\/test\/wp-json\/wp\/v2\/comments?post=88854"}],"wp:featuredmedia":[{"embeddable":true,"href":"https:\/\/t4server.xyz\/test\/wp-json\/wp\/v2\/media\/91251"}],"wp:attachment":[{"href":"https:\/\/t4server.xyz\/test\/wp-json\/wp\/v2\/media?parent=88854"}],"wp:term":[{"taxonomy":"product_brand","embeddable":true,"href":"https:\/\/t4server.xyz\/test\/wp-json\/wp\/v2\/product_brand?post=88854"},{"taxonomy":"product_cat","embeddable":true,"href":"https:\/\/t4server.xyz\/test\/wp-json\/wp\/v2\/product_cat?post=88854"},{"taxonomy":"product_tag","embeddable":true,"href":"https:\/\/t4server.xyz\/test\/wp-json\/wp\/v2\/product_tag?post=88854"}],"curies":[{"name":"wp","href":"https:\/\/api.w.org\/{rel}","templated":true}]}}