{"id":88851,"date":"2025-05-30T12:31:45","date_gmt":"2025-05-30T18:31:45","guid":{"rendered":"https:\/\/t4server.xyz\/test\/?post_type=product&#038;p=88851"},"modified":"2025-06-17T14:38:35","modified_gmt":"2025-06-17T20:38:35","slug":"starter-pulse","status":"publish","type":"product","link":"https:\/\/t4server.xyz\/test\/de\/Produkt\/starter-pulse\/","title":{"rendered":"Starter Pulse"},"content":{"rendered":"<p><strong>Preis:<\/strong> 250\u202f$ einmalig<br \/>\n<strong>Laufzeit:<\/strong> 3 Monate<br \/>\n<strong>Field Income Flow:<\/strong> 20\u202f% Direktprovision<\/p>\n<p><strong>Beschreibung:<\/strong><br \/>\nDer Einstiegspunkt, wenn nichts anderes mehr geht.<br \/>\nKein Idealpaket \u2013 aber ein m\u00f6glicher Start.<br \/>\nF\u00fcr alle, die aus eigener Kraft ins Feld finden wollen \u2013 wegen begrenzter Mittel.<\/p>\n<p>Starter-Pulse aktiviert deinen Zugang \u2013 mit minimalen Voraussetzungen, aber maximaler Klarheit:<br \/>\n\ud83d\udc49 Du bist bereit, dich zu bewegen.<br \/>\n\ud83d\udc49 Du willst das Feld nicht konsumieren \u2013 sondern mitgestalten.<br \/>\n\ud83d\udc49 Und du wei\u00dft: Dies ist nur der Anfang.<\/p>\n<p>Nach 3 Monaten ist eine Fortf\u00fchrung m\u00f6glich (Neukauf zur Verl\u00e4ngerung).<br \/>\n<strong>Aber:<\/strong> Priorit\u00e4t: schnellstm\u00f6gliches <strong>Upgrade<\/strong> in ein h\u00f6heres Level.<\/p>\n<p><strong>Provisionswert: 100 $<\/strong><\/p>\n","protected":false},"excerpt":{"rendered":"<p><strong>Preis:<\/strong> 250\u202f$ einmalig<br \/>\n<strong>Laufzeit:<\/strong> 3 Monate<br \/>\n<strong>Field Income Flow:<\/strong> 20\u202f% Direktprovision<\/p>\n","protected":false},"featured_media":90687,"comment_status":"open","ping_status":"closed","template":"","meta":{"order-bump-settings":[],"_wpfnl_thankyou_order_overview":"on","_wpfnl_thankyou_order_details":"on","_wpfnl_thankyou_billing_details":"on","_wpfnl_thankyou_shipping_details":"on"},"product_brand":[],"product_cat":[68],"product_tag":[],"class_list":{"0":"post-88851","1":"product","2":"type-product","3":"status-publish","4":"has-post-thumbnail","6":"product_cat-mitgliedschaften","8":"first","9":"instock","10":"virtual","11":"sold-individually","12":"purchasable","13":"product-type-subscription"},"lang":"de","translations":{"de":88851,"en":90675},"pll_sync_post":[],"_links":{"self":[{"href":"https:\/\/t4server.xyz\/test\/wp-json\/wp\/v2\/product\/88851","targetHints":{"allow":["GET"]}}],"collection":[{"href":"https:\/\/t4server.xyz\/test\/wp-json\/wp\/v2\/product"}],"about":[{"href":"https:\/\/t4server.xyz\/test\/wp-json\/wp\/v2\/types\/product"}],"replies":[{"embeddable":true,"href":"https:\/\/t4server.xyz\/test\/wp-json\/wp\/v2\/comments?post=88851"}],"wp:featuredmedia":[{"embeddable":true,"href":"https:\/\/t4server.xyz\/test\/wp-json\/wp\/v2\/media\/90687"}],"wp:attachment":[{"href":"https:\/\/t4server.xyz\/test\/wp-json\/wp\/v2\/media?parent=88851"}],"wp:term":[{"taxonomy":"product_brand","embeddable":true,"href":"https:\/\/t4server.xyz\/test\/wp-json\/wp\/v2\/product_brand?post=88851"},{"taxonomy":"product_cat","embeddable":true,"href":"https:\/\/t4server.xyz\/test\/wp-json\/wp\/v2\/product_cat?post=88851"},{"taxonomy":"product_tag","embeddable":true,"href":"https:\/\/t4server.xyz\/test\/wp-json\/wp\/v2\/product_tag?post=88851"}],"curies":[{"name":"wp","href":"https:\/\/api.w.org\/{rel}","templated":true}]}}