{"id":87777,"date":"2025-05-19T04:51:47","date_gmt":"2025-05-19T04:51:47","guid":{"rendered":"https:\/\/freequency.cloud\/?page_id=87777"},"modified":"2025-06-20T00:18:19","modified_gmt":"2025-06-20T06:18:19","slug":"learning-hub","status":"publish","type":"page","link":"https:\/\/t4server.xyz\/test\/learning-hub\/","title":{"rendered":"Learning Hub"},"content":{"rendered":"<p>Willkommen im Learning HubEntdecke unsere vielf\u00e4ltige Auswahl an Kursen, die dir dabei helfen, dein Wissen gezielt zu erweitern. Egal, ob du gerade erst startest oder deine F\u00e4higkeiten auf das n\u00e4chste Level bringen m\u00f6chtest \u2013 hier findest du die passenden Inhalte. Starte in deinem Tempo und lerne genau das, was dich weiterbringt.<\/p>\n \t\t<div class=\"woocommerce\">\n\t\t\t<div class=\"woocommerce-info wc-memberships-restriction-message wc-memberships-message wc-memberships-content-restricted-message\">\n\t\t\t\tTo access this page, you must purchase <span class=\"wc-memberships-products-grant-access\"><a href=\"https:\/\/t4server.xyz\/test\/de\/Produkt\/starter-pulse\/\">Starter Pulse<\/a>, <a href=\"https:\/\/t4server.xyz\/test\/de\/Produkt\/impulse\/\">Impulse<\/a>, <a href=\"https:\/\/t4server.xyz\/test\/de\/Produkt\/signal-2\/\">Signal<\/a>, <a href=\"https:\/\/t4server.xyz\/test\/de\/Produkt\/origin\/\">Origin<\/a>, <a href=\"https:\/\/t4server.xyz\/test\/de\/Produkt\/temple\/\">Temple<\/a>, <a href=\"https:\/\/t4server.xyz\/test\/de\/Produkt\/source\/\">Source<\/a>, <a href=\"https:\/\/t4server.xyz\/test\/de\/Produkt\/flow\/\">Flow<\/a>, <a href=\"https:\/\/t4server.xyz\/test\/de\/Produkt\/essence\/\">Essence<\/a>, <a href=\"https:\/\/t4server.xyz\/test\/de\/Produkt\/resonance\/\">Resonance<\/a>, <a href=\"https:\/\/t4server.xyz\/test\/de\/Produkt\/direction\/\">Direction<\/a>, <a href=\"https:\/\/t4server.xyz\/test\/de\/Produkt\/anchor\/\">Anchor<\/a> or <a href=\"https:\/\/t4server.xyz\/test\/de\/Produkt\/node\/\">Node<\/a><\/span>.\t\t    <\/div>\n\t\t<\/div>\n\t\t","protected":false},"excerpt":{"rendered":"<p>Willkommen im Learning HubEntdecke unsere vielf\u00e4ltige Auswahl an Kursen, die dir dabei helfen, dein Wissen gezielt zu erweitern. Egal, ob du gerade erst startest oder deine F\u00e4higkeiten auf das n\u00e4chste Level bringen m\u00f6chtest \u2013 hier findest du die passenden Inhalte. Starte in deinem Tempo und lerne genau das, was dich weiterbringt.<\/p>\n<div class=\"woocommerce\">\n<div class=\"woocommerce-info wc-memberships-restriction-message wc-memberships-message wc-memberships-content-restricted-message\">\n\t\t\t\tTo access this page, you must purchase <span class=\"wc-memberships-products-grant-access\"><a href=\"https:\/\/t4server.xyz\/test\/de\/Produkt\/starter-pulse\/\">Starter Pulse<\/a>, <a href=\"https:\/\/t4server.xyz\/test\/de\/Produkt\/impulse\/\">Impulse<\/a>, <a href=\"https:\/\/t4server.xyz\/test\/de\/Produkt\/signal-2\/\">Signal<\/a>, <a href=\"https:\/\/t4server.xyz\/test\/de\/Produkt\/origin\/\">Origin<\/a>, <a href=\"https:\/\/t4server.xyz\/test\/de\/Produkt\/temple\/\">Temple<\/a>, <a href=\"https:\/\/t4server.xyz\/test\/de\/Produkt\/source\/\">Source<\/a>, <a href=\"https:\/\/t4server.xyz\/test\/de\/Produkt\/flow\/\">Flow<\/a>, <a href=\"https:\/\/t4server.xyz\/test\/de\/Produkt\/essence\/\">Essence<\/a>, <a href=\"https:\/\/t4server.xyz\/test\/de\/Produkt\/resonance\/\">Resonance<\/a>, <a href=\"https:\/\/t4server.xyz\/test\/de\/Produkt\/direction\/\">Direction<\/a>, <a href=\"https:\/\/t4server.xyz\/test\/de\/Produkt\/anchor\/\">Anchor<\/a> or <a href=\"https:\/\/t4server.xyz\/test\/de\/Produkt\/node\/\">Node<\/a><\/span>.\t\t    <\/div>\n<\/p><\/div>\n","protected":false},"author":1,"featured_media":0,"parent":0,"menu_order":0,"comment_status":"closed","ping_status":"closed","template":"elementor_theme","meta":{"order-bump-settings":[],"_wpfnl_thankyou_order_overview":"on","_wpfnl_thankyou_order_details":"on","_wpfnl_thankyou_billing_details":"on","_wpfnl_thankyou_shipping_details":"on","footnotes":""},"class_list":["post-87777","page","type-page","status-publish","hentry","membership-content","access-restricted"],"lang":"en","translations":{"en":87777},"pll_sync_post":[],"_links":{"self":[{"href":"https:\/\/t4server.xyz\/test\/wp-json\/wp\/v2\/pages\/87777","targetHints":{"allow":["GET"]}}],"collection":[{"href":"https:\/\/t4server.xyz\/test\/wp-json\/wp\/v2\/pages"}],"about":[{"href":"https:\/\/t4server.xyz\/test\/wp-json\/wp\/v2\/types\/page"}],"author":[{"embeddable":true,"href":"https:\/\/t4server.xyz\/test\/wp-json\/wp\/v2\/users\/1"}],"replies":[{"embeddable":true,"href":"https:\/\/t4server.xyz\/test\/wp-json\/wp\/v2\/comments?post=87777"}],"version-history":[{"count":17,"href":"https:\/\/t4server.xyz\/test\/wp-json\/wp\/v2\/pages\/87777\/revisions"}],"predecessor-version":[{"id":91525,"href":"https:\/\/t4server.xyz\/test\/wp-json\/wp\/v2\/pages\/87777\/revisions\/91525"}],"wp:attachment":[{"href":"https:\/\/t4server.xyz\/test\/wp-json\/wp\/v2\/media?parent=87777"}],"curies":[{"name":"wp","href":"https:\/\/api.w.org\/{rel}","templated":true}]}}