{"id":186,"date":"2025-05-18T04:04:28","date_gmt":"2025-05-18T04:04:28","guid":{"rendered":"https:\/\/freequency.cloud\/?page_id=186"},"modified":"2025-06-20T00:18:19","modified_gmt":"2025-06-20T06:18:19","slug":"haftungsausschluss-fuer-ertraege","status":"publish","type":"page","link":"https:\/\/t4server.xyz\/test\/de\/haftungsausschluss-fuer-ertraege\/","title":{"rendered":"Haftungsausschluss f\u00fcr Ertr\u00e4ge\u200b"},"content":{"rendered":"\t\t<div data-elementor-type=\"wp-page\" data-elementor-id=\"186\" class=\"elementor elementor-186\" data-elementor-post-type=\"page\">\n\t\t\t\t<div class=\"elementor-element elementor-element-3abb5cea e-flex e-con-boxed e-con e-parent\" data-id=\"3abb5cea\" data-element_type=\"container\">\n\t\t\t\t\t<div class=\"e-con-inner\">\n\t\t\t\t<div class=\"elementor-element elementor-element-fb5a127 elementor-widget elementor-widget-heading\" data-id=\"fb5a127\" data-element_type=\"widget\" data-widget_type=\"heading.default\">\n\t\t\t\t\t\t<div class=\"elementor-widget-container\">\n\t\t\t\t\t<h2 class=\"elementor-heading-title elementor-size-default\">Haftungsausschluss f\u00fcr Ertr\u00e4ge\n<\/h2>\t\t\t\t<\/div>\n\t\t\t\t<\/div>\n\t\t\t\t<div class=\"elementor-element elementor-element-4bd9b22a elementor-widget elementor-widget-text-editor\" data-id=\"4bd9b22a\" data-element_type=\"widget\" data-widget_type=\"text-editor.default\">\n\t\t\t\t\t\t<div class=\"elementor-widget-container\">\n\t\t\t\t\t\t\t\t\t\n<p>Wir haben uns bem\u00fcht, unsere Produkte und Dienstleistungen korrekt darzustellen. Die Darstellung des Potenzials unserer Produkte und Dienstleistungen unterliegt unserer Interpretation.<\/p>\n\n<p>Obwohl die Verdienstm\u00f6glichkeiten f\u00fcr Personen, die unsere Produkte und Dienstleistungen nutzen, im Allgemeinen sehr ermutigend sind, erkennen Sie an, dass Ihre Verdienstm\u00f6glichkeiten von vielen unabh\u00e4ngigen Faktoren abh\u00e4ngen, die alle von Person zu Person variieren und oft au\u00dferhalb der Kontrolle des Einzelnen liegen.<\/p>\n\n<p>Wir geben keine Garantie oder Zusicherung, dass Sie durch die Nutzung unserer Produkte und Dienstleistungen ein bestimmtes Einkommensniveau erreichen werden.<\/p>\n\n<p>Die von uns angef\u00fchrten Beispiele sind nicht als Gewinngarantie zu verstehen. Wir behaupten nicht, dass unsere Produkte und Dienstleistungen ein &#8220;Get-Rich-Schema&#8221; darstellen.<\/p>\n\n<p>Auf Anfrage k\u00f6nnen wir Ihnen helfen, Behauptungen \u00fcber tats\u00e4chliche Gewinne und\/oder Beispiele f\u00fcr tats\u00e4chlich erzielte Ergebnisse zu \u00fcberpr\u00fcfen. Dazu sind wir jedoch in keiner Weise verpflichtet.<\/p>\n\n<p>Wir k\u00f6nnen und werden keine direkte Finanzberatung anbieten und sind nicht f\u00fcr finanzielle Entscheidungen verantwortlich, die Sie treffen. Es liegt in Ihrer alleinigen Verantwortung, die Rechtm\u00e4\u00dfigkeit oder finanzielle Solidit\u00e4t einer von Ihnen getroffenen Entscheidung mit einem qualifizierten Fachmann zu besprechen, bevor Sie eine solche Entscheidung treffen.<\/p>\n\n<p><strong>Zukunftsgerichtete Aussagen<\/strong><\/p>\n\n<p>Die in unseren Produkten und Dienstleistungen enthaltenen Informationen k\u00f6nnen zukunftsgerichtete Aussagen im Sinne des Private Securities Litigation Reform Act von 1995 enthalten. Alle zukunftsgerichteten Aussagen basieren ausschlie\u00dflich auf unseren Erwartungen in Bezug auf Ereignisse, die noch nicht eingetreten sind.<\/p>\n\n<p>Solche Aussagen sind leicht als solche zu erkennen, da sie sich nicht ausdr\u00fccklich auf historische oder aktuelle Fakten beziehen. In diesen Aussagen werden W\u00f6rter wie &#8220;antizipieren&#8221;, &#8220;glauben&#8221;, &#8220;sch\u00e4tzen&#8221;, &#8220;erwarten&#8221;, &#8220;beabsichtigen&#8221;, &#8220;planen&#8221;, &#8220;projizieren&#8221; und andere W\u00f6rter mit \u00e4hnlicher Bedeutung im Zusammenhang mit der Beschreibung m\u00f6glicher Ertr\u00e4ge und finanzieller Leistungen verwendet.<\/p>\n\n<p><strong>Alle zukunftsgerichteten Aussagen, die im Zusammenhang mit unseren Produkten und Dienstleistungen verwendet werden, basieren ausschlie\u00dflich auf unserer Einsch\u00e4tzung des Ertragspotenzials. Da Ihre tats\u00e4chlichen Ergebnisse von vielen Faktoren abh\u00e4ngen, k\u00f6nnen wir nicht garantieren, dass Sie durch die Nutzung unserer Produkte und Dienstleistungen \u00e4hnliche oder andere Ergebnisse erzielen werden.<\/strong><\/p>\n\t\t\t\t\t\t\t\t<\/div>\n\t\t\t\t<\/div>\n\t\t\t\t\t<\/div>\n\t\t\t\t<\/div>\n\t\t\t\t<\/div>\n\t\t","protected":false},"excerpt":{"rendered":"<p>Haftungsausschluss f\u00fcr Ertr\u00e4ge Wir haben uns bem\u00fcht, unsere Produkte und Dienstleistungen korrekt darzustellen. Die Darstellung des Potenzials unserer Produkte und Dienstleistungen unterliegt unserer Interpretation. Obwohl die Verdienstm\u00f6glichkeiten f\u00fcr Personen, die unsere Produkte und Dienstleistungen nutzen, im Allgemeinen sehr ermutigend sind, erkennen Sie an, dass Ihre Verdienstm\u00f6glichkeiten von vielen unabh\u00e4ngigen Faktoren abh\u00e4ngen, die alle von Person [&hellip;]<\/p>\n","protected":false},"author":1,"featured_media":0,"parent":0,"menu_order":0,"comment_status":"closed","ping_status":"closed","template":"elementor_theme","meta":{"order-bump-settings":[],"_wpfnl_thankyou_order_overview":"on","_wpfnl_thankyou_order_details":"on","_wpfnl_thankyou_billing_details":"on","_wpfnl_thankyou_shipping_details":"on","footnotes":""},"class_list":["post-186","page","type-page","status-publish","hentry"],"lang":"de","translations":{"de":186,"en":184},"pll_sync_post":[],"_links":{"self":[{"href":"https:\/\/t4server.xyz\/test\/wp-json\/wp\/v2\/pages\/186","targetHints":{"allow":["GET"]}}],"collection":[{"href":"https:\/\/t4server.xyz\/test\/wp-json\/wp\/v2\/pages"}],"about":[{"href":"https:\/\/t4server.xyz\/test\/wp-json\/wp\/v2\/types\/page"}],"author":[{"embeddable":true,"href":"https:\/\/t4server.xyz\/test\/wp-json\/wp\/v2\/users\/1"}],"replies":[{"embeddable":true,"href":"https:\/\/t4server.xyz\/test\/wp-json\/wp\/v2\/comments?post=186"}],"version-history":[{"count":7,"href":"https:\/\/t4server.xyz\/test\/wp-json\/wp\/v2\/pages\/186\/revisions"}],"predecessor-version":[{"id":88006,"href":"https:\/\/t4server.xyz\/test\/wp-json\/wp\/v2\/pages\/186\/revisions\/88006"}],"wp:attachment":[{"href":"https:\/\/t4server.xyz\/test\/wp-json\/wp\/v2\/media?parent=186"}],"curies":[{"name":"wp","href":"https:\/\/api.w.org\/{rel}","templated":true}]}}